{"id":13,"date":"2020-05-10T20:50:18","date_gmt":"2020-05-10T18:50:18","guid":{"rendered":"http:\/\/www.jadwiga.opw.pl\/?page_id=13"},"modified":"2026-04-30T22:45:17","modified_gmt":"2026-04-30T20:45:17","slug":"intencje","status":"publish","type":"page","link":"https:\/\/www.jadwiga.opw.pl\/?page_id=13","title":{"rendered":"Intencje mszalne"},"content":{"rendered":"<p><b><i>PI\u0104TEK <\/i><\/b><i><span style=\"font-weight: 400;\">\u2013 01 maja<\/span><\/i><span style=\"font-weight: 400;\">\u00a0<\/span><\/p>\n<p><span style=\"font-weight: 400;\">7.00 <\/span><b>+ Barbar\u0119 Sakowsk\u0105 <\/b><span style=\"font-weight: 400;\">(gregoria\u0144ska 27.)<\/span><\/p>\n<p><span style=\"font-weight: 400;\">18.00 <\/span><b>++ Zmar\u0142ych rodzic\u00f3w Paulin\u0119 Wojciecha F\u0105fara, Helen\u0119 Jana Zi\u0119tal<\/b><\/p>\n<p>\u00a0<\/p>\n<p><b><i>SOBOTA <\/i><\/b><i><span style=\"font-weight: 400;\">\u2013 02 maja <\/span><\/i><span style=\"font-weight: 400;\">\u2013 <\/span><span style=\"color: #ff0000;\"><b><i>Naj\u015bwi\u0119tszej Maryi Panny Kr\u00f3lowej Polski, g\u0142\u00f3wnej Patronki Polski, uroczysto\u015b\u0107<\/i><\/b><\/span><\/p>\n<p><span style=\"font-weight: 400;\">7.00<\/span><b> + Barbar\u0119 Sakowsk\u0105 <\/b><span style=\"font-weight: 400;\">(gregoria\u0144ska 28.)<\/span><\/p>\n<p><span style=\"font-weight: 400;\">9.00<\/span><b>\u00a0 <\/b><b>Za Parafian<\/b><b>\u00a0\u00a0\u00a0<\/b><\/p>\n<p><span style=\"font-weight: 400;\">18.00 <\/span><b>Wynagradzaj\u0105ca Niepokalanemu Sercu Maryi <\/b><span style=\"font-weight: 400;\">\u2013 od \u017bywego R\u00f3\u017ca\u0144ca<\/span><\/p>\n<p><span style=\"font-weight: 400;\">\u00a0<\/span><\/p>\n<p><span style=\"color: #ff0000;\"><b><i>NIEDZIELA \u2013 03 maja<\/i><\/b><b> \u2013 V NIEDZIELA WIELKANOCNA<\/b><\/span><\/p>\n<p><span style=\"font-weight: 400;\">7.30 <\/span><b>++ Janusza Znyk, Mieczys\u0142awa Antoniego Sm\u0119da, Zygmunta Lebida\u00a0<\/b><\/p>\n<p><span style=\"font-weight: 400;\">9.00\u00a0 <\/span><b>+ Jana Manowskiego w 5 r. \u015bm. &#8211; <\/b><span style=\"font-weight: 400;\">\u00a0od \u017cony z rodzin\u0105<\/span><\/p>\n<p><span style=\"font-weight: 400;\">11.00<\/span><span style=\"font-weight: 400;\">\u00a0 <\/span><b>W 18 rocznic\u0119 urodzin Patrycji Zaj\u0105c oraz w 53 rocznic\u0119 urodzin Beaty Zaj\u0105c-Wach o dary <\/b><b>Ducha \u015awi\u0119tego, zdrowie i Bo\u017ce b\u0142ogos\u0142awie\u0144stwo<\/b><\/p>\n<p><i><span style=\"font-weight: 400;\">CHRZEST<\/span><\/i> <i><span style=\"font-weight: 400;\">na mszy \u015bwi\u0119tej:<\/span><\/i><b> Iga Zofia Wcis\u0142o<\/b><\/p>\n<p><span style=\"font-weight: 400;\">18.00<\/span> <b>+ Barbar\u0119 Sakowsk\u0105 <\/b><span style=\"font-weight: 400;\">(gregoria\u0144ska 29.)<\/span><\/p>\n<p>\u00a0<\/p>\n<p><b><i>PONIEDZIA\u0141EK <\/i><\/b><i><span style=\"font-weight: 400;\">\u2013 04 maja \u2013 \u015bw. Floriana, m\u0119czennika\u00a0<\/span><\/i><\/p>\n<p><span style=\"font-weight: 400;\">7.00<\/span><b> + Stanis\u0142awa \u0141uck\u0119 <\/b><span style=\"font-weight: 400;\">\u2013 od Agnieszki i Stanis\u0142awa Nowak\u00f3w z rodzin\u0105<\/span><\/p>\n<p><span style=\"font-weight: 400;\">18.00 <\/span><b>+ Barbar\u0119 Sakowsk\u0105 <\/b><span style=\"font-weight: 400;\">(gregoria\u0144ska 30.)<\/span><\/p>\n<p>\u00a0<\/p>\n<p><b><i>WTOREK <\/i><\/b><i><span style=\"font-weight: 400;\">\u2013 05 maja<\/span><\/i><\/p>\n<p><span style=\"font-weight: 400;\">7.00 <\/span><b>+ Stanis\u0142awa Konopi\u0144skiego<\/b><span style=\"font-weight: 400;\"> \u2013 od siostry<\/span><\/p>\n<p><span style=\"font-weight: 400;\">18.00 <\/span><b>W 70 rocznic\u0119 urodzin Danuty Duraj o zdrowie, potrzebne \u0142aski, b\u0142ogos\u0142awie\u0144stwo Bo\u017ce <\/b><b>\u00a0i opiek\u0119 Matki Naj\u015bwi\u0119tszej\u00a0<\/b><\/p>\n<p>\u00a0<\/p>\n<p><b><i>\u015aRODA <\/i><\/b><i><span style=\"font-weight: 400;\">\u2013 06 maja \u2013 \u015bwi\u0119tych Aposto\u0142\u00f3w Filipa i Jakuba, \u015bwi\u0119to<\/span><\/i><\/p>\n<p><span style=\"font-weight: 400;\">7.00<\/span> <b>+ Czes\u0142awa Pawe\u0142ek <\/b><span style=\"font-weight: 400;\">\u2013 od uczestnik\u00f3w pogrzebu<\/span><\/p>\n<p><span style=\"font-weight: 400;\">18.00 <\/span><b>++ Tomasza \u015awitaja w 2 r.\u015bm. oraz Zdzis\u0142awa \u015awitaja <\/b><span style=\"font-weight: 400;\">\u2013 od mamy i \u017cony<\/span><\/p>\n<p>\u00a0<\/p>\n<p><b><i>CZWARTEK <\/i><\/b><i><span style=\"font-weight: 400;\">\u2013 07 maja\u00a0<\/span><\/i><\/p>\n<p><span style=\"font-weight: 400;\">7.00 <\/span><b>+ Genowef\u0119 Wolas <\/b><span style=\"font-weight: 400;\">\u2013 od c\u00f3rki i syna<\/span><\/p>\n<p><span style=\"font-weight: 400;\">18.00<\/span><b> + Zofi\u0119 Kucz w kolejn\u0105 rocznic\u0119 \u015bmierci<\/b><\/p>\n<p>\u00a0<\/p>\n<p><b><i>PI\u0104TEK <\/i><\/b><i><span style=\"font-weight: 400;\">\u2013 08 maja<\/span><\/i> <i><span style=\"font-weight: 400;\">\u2013 \u015aWI\u0118TO \u015aW. STANIS\u0141AWA, BISKUPA I M\u0118CZENNIKA, G\u0141\u00d3WNEGO <\/span><\/i><i><span style=\"font-weight: 400;\">PATRONA POLSKI, UROCZYSTO\u015a\u0106<\/span><\/i><\/p>\n<p><span style=\"font-weight: 400;\">7.00 <\/span><b>++ Stanis\u0142awa Boberek (imieninowa), Ann\u0119 Franciszka Boberek<\/b><\/p>\n<p><span style=\"font-weight: 400;\">18.00 <\/span><b>+ Jacka Sobczyka <\/b><span style=\"font-weight: 400;\">\u2013 od Teresy i Jakuba Sobczyk z rodzin\u0105<\/span><\/p>\n<p>\u00a0<\/p>\n<p><b><i>SOBOTA <\/i><\/b><i><span style=\"font-weight: 400;\">\u2013 09 maja\u00a0<\/span><\/i><\/p>\n<p><span style=\"font-weight: 400;\">7.00<\/span><b> + Stanis\u0142awa \u0141uck\u0119 <\/b><span style=\"font-weight: 400;\">\u2013 od Bo\u017ceny i Adama Pyrchl\u00f3w z rodzin\u0105<\/span><\/p>\n<p><span style=\"font-weight: 400;\">18.00 <\/span><b>++ Tadeusza Kogut, Mart\u0119 Jerzego Cie\u015bla<\/b><\/p>\n<p><span style=\"font-weight: 400;\">\u00a0<\/span><\/p>\n<p><span style=\"color: #ff0000;\"><b><i>NIEDZIELA \u2013 10 maja<\/i><\/b><b> \u2013 VI NIEDZIELA WIELKANOCNA<\/b><\/span><\/p>\n<p><span style=\"font-weight: 400;\">7.30 <\/span><b>++ Zygmunta Buga\u0142\u0119, Adama Helen\u0119 Boles\u0142awa Gawro\u0144skich\u00a0<\/b><\/p>\n<p><span style=\"font-weight: 400;\">9.00\u00a0 <\/span><b>++ W\u0142adys\u0142awa Janin\u0119 Lig\u0119za<\/b><\/p>\n<p><span style=\"font-weight: 400;\">11.00<\/span><span style=\"font-weight: 400;\">\u00a0 <\/span><b>+ Marka Kozalskiego w 1 r.\u015bm. <\/b><span style=\"font-weight: 400;\">\u2013 od \u017cony Ewy<\/span><b>\u00a0<\/b><\/p>\n<p><span style=\"font-weight: 400;\">18.00<\/span> <b>+ Zygmunta Frejus (urodzinowa) <\/b><span style=\"font-weight: 400;\">\u2013 od \u017cony i dzieci<\/span><\/p>\n\n\n<p><\/p>\n","protected":false},"excerpt":{"rendered":"<p>PI\u0104TEK \u2013 01 maja\u00a0 7.00 + Barbar\u0119 Sakowsk\u0105 (gregoria\u0144ska 27.) 18.00 ++ Zmar\u0142ych rodzic\u00f3w Paulin\u0119 Wojciecha F\u0105fara, Helen\u0119 Jana Zi\u0119tal \u00a0 SOBOTA \u2013 02 maja \u2013 Naj\u015bwi\u0119tszej Maryi Panny Kr\u00f3lowej Polski, g\u0142\u00f3wnej Patronki Polski, uroczysto\u015b\u0107 7.00 + Barbar\u0119 Sakowsk\u0105 (gregoria\u0144ska 28.) 9.00\u00a0 Za Parafian\u00a0\u00a0\u00a0 18.00 Wynagradzaj\u0105ca Niepokalanemu Sercu Maryi \u2013 od \u017bywego R\u00f3\u017ca\u0144ca \u00a0 NIEDZIELA &hellip; <\/p>\n<p class=\"link-more\"><a href=\"https:\/\/www.jadwiga.opw.pl\/?page_id=13\" class=\"more-link\">Czytaj dalej<span class=\"screen-reader-text\"> \u201eIntencje mszalne\u201d<\/span><\/a><\/p>\n","protected":false},"author":1,"featured_media":0,"parent":0,"menu_order":0,"comment_status":"closed","ping_status":"closed","template":"","meta":{"footnotes":""},"class_list":["post-13","page","type-page","status-publish","hentry"],"_links":{"self":[{"href":"https:\/\/www.jadwiga.opw.pl\/index.php?rest_route=\/wp\/v2\/pages\/13","targetHints":{"allow":["GET"]}}],"collection":[{"href":"https:\/\/www.jadwiga.opw.pl\/index.php?rest_route=\/wp\/v2\/pages"}],"about":[{"href":"https:\/\/www.jadwiga.opw.pl\/index.php?rest_route=\/wp\/v2\/types\/page"}],"author":[{"embeddable":true,"href":"https:\/\/www.jadwiga.opw.pl\/index.php?rest_route=\/wp\/v2\/users\/1"}],"replies":[{"embeddable":true,"href":"https:\/\/www.jadwiga.opw.pl\/index.php?rest_route=%2Fwp%2Fv2%2Fcomments&post=13"}],"version-history":[{"count":375,"href":"https:\/\/www.jadwiga.opw.pl\/index.php?rest_route=\/wp\/v2\/pages\/13\/revisions"}],"predecessor-version":[{"id":1894,"href":"https:\/\/www.jadwiga.opw.pl\/index.php?rest_route=\/wp\/v2\/pages\/13\/revisions\/1894"}],"wp:attachment":[{"href":"https:\/\/www.jadwiga.opw.pl\/index.php?rest_route=%2Fwp%2Fv2%2Fmedia&parent=13"}],"curies":[{"name":"wp","href":"https:\/\/api.w.org\/{rel}","templated":true}]}}