{"id":15,"date":"2020-05-10T20:50:18","date_gmt":"2020-05-10T18:50:18","guid":{"rendered":"http:\/\/www.jadwiga.opw.pl\/?page_id=15"},"modified":"2026-02-07T21:47:34","modified_gmt":"2026-02-07T20:47:34","slug":"kontakt","status":"publish","type":"page","link":"https:\/\/www.jadwiga.opw.pl\/?page_id=15","title":{"rendered":"Kontakt"},"content":{"rendered":"<p>RZYMSKOKATOLICKA PARAFIA \u015aW. JADWIGI KR\u00d3LOWEJ<\/p>\n<p>ul. 11 Listopada 19<br \/>41-303 D\u0105browa G\u00f3rnicza\u00a0 \u00a0 \u00a0<\/p>\n<p class=\"v1MsoBodyTextIndent\">Godziny otwarcia Kancelarii Parafialnej od dnia 09 lutego 2026 roku:<br \/><strong><span lang=\"X-NONE\">Poniedzia\u0142ek, Wtorek<\/span><\/strong><strong>\u00a0i<\/strong><strong><span lang=\"X-NONE\">\u00a0Czwartek od 16.30 \u2013 17.30.<br \/><\/span><\/strong><strong><span lang=\"X-NONE\">\u015aroda i Pi\u0105tek nieczynna.<br \/><\/span><\/strong><strong><span lang=\"X-NONE\">Sobota od 8.00 \u2013 9.00.<\/span><\/strong><\/p>\n<p class=\"v1MsoBodyTextIndent\">Telefon do parafii niezmieniony, zawsze dost\u0119pny.<b>\u00a0<i>W nag\u0142ych przypadkach i sprawach pilnych uprzejmie prosz\u0119 o uprzedzenie telefoniczne wizyty w kancelarii.<\/i><\/b><\/p>\n<p><strong>Tel.\u00a0 \u00a0536 335 658<\/strong><\/p>\n<p>konto bankowe:<br \/>PKO Bank Polski SA<br \/>26 1020 2498 0000 8402 0130 6059<\/p>\n\n\n<p><\/p>\n\n\n\n<p><\/p>\n","protected":false},"excerpt":{"rendered":"<p>RZYMSKOKATOLICKA PARAFIA \u015aW. JADWIGI KR\u00d3LOWEJ ul. 11 Listopada 1941-303 D\u0105browa G\u00f3rnicza\u00a0 \u00a0 \u00a0 Godziny otwarcia Kancelarii Parafialnej od dnia 09 lutego 2026 roku:Poniedzia\u0142ek, Wtorek\u00a0i\u00a0Czwartek od 16.30 \u2013 17.30.\u015aroda i Pi\u0105tek nieczynna.Sobota od 8.00 \u2013 9.00. Telefon do parafii niezmieniony, zawsze dost\u0119pny.\u00a0W nag\u0142ych przypadkach i sprawach pilnych uprzejmie prosz\u0119 o uprzedzenie telefoniczne wizyty w kancelarii. Tel.\u00a0 &hellip; <\/p>\n<p class=\"link-more\"><a href=\"https:\/\/www.jadwiga.opw.pl\/?page_id=15\" class=\"more-link\">Czytaj dalej<span class=\"screen-reader-text\"> \u201eKontakt\u201d<\/span><\/a><\/p>\n","protected":false},"author":1,"featured_media":0,"parent":0,"menu_order":0,"comment_status":"closed","ping_status":"closed","template":"","meta":{"footnotes":""},"class_list":["post-15","page","type-page","status-publish","hentry"],"_links":{"self":[{"href":"https:\/\/www.jadwiga.opw.pl\/index.php?rest_route=\/wp\/v2\/pages\/15","targetHints":{"allow":["GET"]}}],"collection":[{"href":"https:\/\/www.jadwiga.opw.pl\/index.php?rest_route=\/wp\/v2\/pages"}],"about":[{"href":"https:\/\/www.jadwiga.opw.pl\/index.php?rest_route=\/wp\/v2\/types\/page"}],"author":[{"embeddable":true,"href":"https:\/\/www.jadwiga.opw.pl\/index.php?rest_route=\/wp\/v2\/users\/1"}],"replies":[{"embeddable":true,"href":"https:\/\/www.jadwiga.opw.pl\/index.php?rest_route=%2Fwp%2Fv2%2Fcomments&post=15"}],"version-history":[{"count":20,"href":"https:\/\/www.jadwiga.opw.pl\/index.php?rest_route=\/wp\/v2\/pages\/15\/revisions"}],"predecessor-version":[{"id":1790,"href":"https:\/\/www.jadwiga.opw.pl\/index.php?rest_route=\/wp\/v2\/pages\/15\/revisions\/1790"}],"wp:attachment":[{"href":"https:\/\/www.jadwiga.opw.pl\/index.php?rest_route=%2Fwp%2Fv2%2Fmedia&parent=15"}],"curies":[{"name":"wp","href":"https:\/\/api.w.org\/{rel}","templated":true}]}}